{"id":98,"date":"2025-07-25T02:34:28","date_gmt":"2025-07-25T00:34:28","guid":{"rendered":"https:\/\/inscoreweb.com\/?page_id=98"},"modified":"2025-10-28T16:56:35","modified_gmt":"2025-10-28T15:56:35","slug":"electricidad","status":"publish","type":"page","link":"https:\/\/inscoreweb.com\/index.php\/electricidad\/","title":{"rendered":"REFORMAS"},"content":{"rendered":"\t\t<div data-elementor-type=\"wp-page\" data-elementor-id=\"98\" class=\"elementor elementor-98\">\n\t\t\t\t<div class=\"elementor-element elementor-element-243d900 e-con-full e-flex e-con e-parent\" data-id=\"243d900\" data-element_type=\"container\" data-e-type=\"container\">\n\t\t\t\t<div class=\"elementor-element elementor-element-16aa06e elementor-widget elementor-widget-heading\" data-id=\"16aa06e\" data-element_type=\"widget\" data-e-type=\"widget\" data-settings=\"{&quot;_animation_mobile&quot;:&quot;fadeInDown&quot;}\" data-widget_type=\"heading.default\">\n\t\t\t\t\t<h2 class=\"elementor-heading-title elementor-size-default\">REFORMAS INTEGRALES<\/h2>\t\t\t\t<\/div>\n\t\t\t\t<div class=\"elementor-element elementor-element-3c3ea33 elementor-widget elementor-widget-image\" data-id=\"3c3ea33\" data-element_type=\"widget\" data-e-type=\"widget\" data-widget_type=\"image.default\">\n\t\t\t\t\t\t\t\t\t\t\t\t\t\t\t<img fetchpriority=\"high\" decoding=\"async\" width=\"768\" height=\"1024\" src=\"https:\/\/inscoreweb.com\/wp-content\/uploads\/2025\/08\/COCINA-ALBERTO-GUIP-2-768x1024.jpg\" class=\"attachment-medium_large size-medium_large wp-image-235\" alt=\"\" srcset=\"https:\/\/inscoreweb.com\/wp-content\/uploads\/2025\/08\/COCINA-ALBERTO-GUIP-2-768x1024.jpg 768w, https:\/\/inscoreweb.com\/wp-content\/uploads\/2025\/08\/COCINA-ALBERTO-GUIP-2-225x300.jpg 225w, https:\/\/inscoreweb.com\/wp-content\/uploads\/2025\/08\/COCINA-ALBERTO-GUIP-2-1152x1536.jpg 1152w, https:\/\/inscoreweb.com\/wp-content\/uploads\/2025\/08\/COCINA-ALBERTO-GUIP-2-1536x2048.jpg 1536w, https:\/\/inscoreweb.com\/wp-content\/uploads\/2025\/08\/COCINA-ALBERTO-GUIP-2-scaled.jpg 1920w\" sizes=\"(max-width: 768px) 100vw, 768px\" \/>\t\t\t\t\t\t\t\t\t\t\t\t\t\t\t<\/div>\n\t\t\t\t<div class=\"elementor-element elementor-element-6653399 elementor-widget elementor-widget-heading\" data-id=\"6653399\" data-element_type=\"widget\" data-e-type=\"widget\" data-settings=\"{&quot;_animation_mobile&quot;:&quot;rubberBand&quot;}\" data-widget_type=\"heading.default\">\n\t\t\t\t\t<h1 class=\"elementor-heading-title elementor-size-default\">ESPECIALISTAS EN REFORMAS INTEGRALES Y GENERALES<\/h1>\t\t\t\t<\/div>\n\t\t\t\t<\/div>\n\t\t<div class=\"elementor-element elementor-element-945d15b e-con-full e-flex e-con e-parent\" data-id=\"945d15b\" data-element_type=\"container\" data-e-type=\"container\">\n\t\t<div class=\"elementor-element elementor-element-2b2708b e-con-full e-flex e-con e-child\" data-id=\"2b2708b\" data-element_type=\"container\" data-e-type=\"container\">\n\t\t\t\t<div class=\"elementor-element elementor-element-b6d75e9 elementor-widget elementor-widget-heading\" data-id=\"b6d75e9\" data-element_type=\"widget\" data-e-type=\"widget\" data-widget_type=\"heading.default\">\n\t\t\t\t\t<h2 class=\"elementor-heading-title elementor-size-default\">\u00bfBuscas una empresa de reformas en Barcelona que combine experiencia, calidad y compromiso? En Inscore, somos expertos en reformas integrales y generales, especializados en transformar hogares, oficinas, locales comerciales y espacios residenciales con acabados de alta calidad y atenci\u00f3n personalizada.<\/h2>\t\t\t\t<\/div>\n\t\t\t\t<div class=\"elementor-element elementor-element-ed1b7af elementor-widget elementor-widget-heading\" data-id=\"ed1b7af\" data-element_type=\"widget\" data-e-type=\"widget\" data-widget_type=\"heading.default\">\n\t\t\t\t\t<h2 class=\"elementor-heading-title elementor-size-default\">Reformas Integrales de Viviendas en Barcelona<\/h2>\t\t\t\t<\/div>\n\t\t\t\t<div class=\"elementor-element elementor-element-757b0d2 elementor-widget elementor-widget-heading\" data-id=\"757b0d2\" data-element_type=\"widget\" data-e-type=\"widget\" data-widget_type=\"heading.default\">\n\t\t\t\t\t<h2 class=\"elementor-heading-title elementor-size-default\">Desde la demolici\u00f3n hasta los \u00faltimos detalles de decoraci\u00f3n, nos encargamos de todo el proceso. Ya sea un piso antiguo o una casa unifamiliar, ofrecemos reformas integrales personalizadas que optimizan el espacio, aumentan el valor de tu propiedad y mejoran tu calidad de vida.<br><br>Incluye:<br><br><h2 class=\"elementor-heading-title elementor-size-default elementor-inline-editing pen\" data-elementor-setting-key=\"title\" data-pen-placeholder=\"Teclea aqu\u00ed...\">\u2022\tRedistribuci\u00f3n de espacios\n\n\u2022\tInstalaciones el\u00e9ctricas y fontaner\u00eda\n\n\u2022\tRevestimientos, suelos y carpinter\u00eda\n\n\u2022\tIluminaci\u00f3n y climatizaci\u00f3n<br>\n\u2022\tDecoraci\u00f3n y acabados finales<\/h2><\/h2>\t\t\t\t<\/div>\n\t\t\t\t<div class=\"elementor-element elementor-element-fb8e5b1 elementor-mobile-align-center elementor-align-center elementor-widget elementor-widget-button\" data-id=\"fb8e5b1\" data-element_type=\"widget\" data-e-type=\"widget\" data-settings=\"{&quot;_animation_mobile&quot;:&quot;fadeIn&quot;}\" data-widget_type=\"button.default\">\n\t\t\t\t\t\t\t\t\t\t<a class=\"elementor-button elementor-button-link elementor-size-sm elementor-animation-pop\" href=\"http:\/\/wa.me\/+34657582817\">\n\t\t\t\t\t\t<span class=\"elementor-button-content-wrapper\">\n\t\t\t\t\t\t\t\t\t<span class=\"elementor-button-text\">M\u00c1S INFORMACI\u00d3N<\/span>\n\t\t\t\t\t<\/span>\n\t\t\t\t\t<\/a>\n\t\t\t\t\t\t\t\t<\/div>\n\t\t\t\t<\/div>\n\t\t\t\t<\/div>\n\t\t<div class=\"elementor-element elementor-element-514f32f e-flex e-con-boxed e-con e-parent\" data-id=\"514f32f\" data-element_type=\"container\" data-e-type=\"container\">\n\t\t\t\t\t<div class=\"e-con-inner\">\n\t\t\t\t<div class=\"elementor-element elementor-element-cd89ac2 elementor-arrows-position-inside elementor-pagination-position-outside elementor-widget elementor-widget-image-carousel\" data-id=\"cd89ac2\" data-element_type=\"widget\" data-e-type=\"widget\" data-settings=\"{&quot;_animation_mobile&quot;:&quot;fadeInDown&quot;,&quot;navigation&quot;:&quot;both&quot;,&quot;autoplay&quot;:&quot;yes&quot;,&quot;pause_on_hover&quot;:&quot;yes&quot;,&quot;pause_on_interaction&quot;:&quot;yes&quot;,&quot;autoplay_speed&quot;:5000,&quot;infinite&quot;:&quot;yes&quot;,&quot;speed&quot;:500}\" data-widget_type=\"image-carousel.default\">\n\t\t\t\t\t\t\t<div class=\"elementor-image-carousel-wrapper swiper\" role=\"region\" aria-roledescription=\"carousel\" aria-label=\"Carrusel de im\u00e1genes\" dir=\"ltr\">\n\t\t\t<div class=\"elementor-image-carousel swiper-wrapper\" aria-live=\"off\">\n\t\t\t\t\t\t\t\t<div class=\"swiper-slide\" role=\"group\" aria-roledescription=\"slide\" aria-label=\"1 de 9\"><figure class=\"swiper-slide-inner\"><img decoding=\"async\" class=\"swiper-slide-image\" src=\"https:\/\/inscoreweb.com\/wp-content\/uploads\/2025\/08\/Foto-4-1.jpg\" alt=\"Foto #4 (1)\" \/><\/figure><\/div><div class=\"swiper-slide\" role=\"group\" aria-roledescription=\"slide\" aria-label=\"2 de 9\"><figure class=\"swiper-slide-inner\"><img decoding=\"async\" class=\"swiper-slide-image\" src=\"https:\/\/inscoreweb.com\/wp-content\/uploads\/2025\/08\/Foto-2-1-768x1024.jpeg\" alt=\"Foto #2 (1)\" \/><\/figure><\/div><div class=\"swiper-slide\" role=\"group\" aria-roledescription=\"slide\" aria-label=\"3 de 9\"><figure class=\"swiper-slide-inner\"><img decoding=\"async\" class=\"swiper-slide-image\" src=\"https:\/\/inscoreweb.com\/wp-content\/uploads\/2025\/08\/1-2-768x1024.jpeg\" alt=\"1 (2)\" \/><\/figure><\/div><div class=\"swiper-slide\" role=\"group\" aria-roledescription=\"slide\" aria-label=\"4 de 9\"><figure class=\"swiper-slide-inner\"><img decoding=\"async\" class=\"swiper-slide-image\" src=\"https:\/\/inscoreweb.com\/wp-content\/uploads\/2025\/08\/COCINA-ALBERTO-GUIP-2-768x1024.jpg\" alt=\"COCINA ALBERTO GUIP (2)\" \/><\/figure><\/div><div class=\"swiper-slide\" role=\"group\" aria-roledescription=\"slide\" aria-label=\"5 de 9\"><figure class=\"swiper-slide-inner\"><img decoding=\"async\" class=\"swiper-slide-image\" src=\"https:\/\/inscoreweb.com\/wp-content\/uploads\/2025\/08\/Foto-3-5.jpg\" alt=\"Foto #3 (5)\" \/><\/figure><\/div><div class=\"swiper-slide\" role=\"group\" aria-roledescription=\"slide\" aria-label=\"6 de 9\"><figure class=\"swiper-slide-inner\"><img decoding=\"async\" class=\"swiper-slide-image\" src=\"https:\/\/inscoreweb.com\/wp-content\/uploads\/2025\/08\/1-2-1-768x1024.jpeg\" alt=\"1 (2) (1)\" \/><\/figure><\/div><div class=\"swiper-slide\" role=\"group\" aria-roledescription=\"slide\" aria-label=\"7 de 9\"><figure class=\"swiper-slide-inner\"><img decoding=\"async\" class=\"swiper-slide-image\" src=\"https:\/\/inscoreweb.com\/wp-content\/uploads\/2025\/08\/1-1-768x1024.jpeg\" alt=\"1 (1)\" \/><\/figure><\/div><div class=\"swiper-slide\" role=\"group\" aria-roledescription=\"slide\" aria-label=\"8 de 9\"><figure class=\"swiper-slide-inner\"><img decoding=\"async\" class=\"swiper-slide-image\" src=\"https:\/\/inscoreweb.com\/wp-content\/uploads\/2025\/08\/COCINA-ALBERTO-GUIP-1-768x1024.jpg\" alt=\"COCINA ALBERTO GUIP (1)\" \/><\/figure><\/div><div class=\"swiper-slide\" role=\"group\" aria-roledescription=\"slide\" aria-label=\"9 de 9\"><figure class=\"swiper-slide-inner\"><img decoding=\"async\" class=\"swiper-slide-image\" src=\"https:\/\/inscoreweb.com\/wp-content\/uploads\/2025\/08\/ZONA-DE-ROPAS-768x1024.jpg\" alt=\"ZONA DE ROPAS\" \/><\/figure><\/div>\t\t\t<\/div>\n\t\t\t\t\t\t\t\t\t\t\t\t<div class=\"elementor-swiper-button elementor-swiper-button-prev\" role=\"button\" tabindex=\"0\">\n\t\t\t\t\t\t<svg aria-hidden=\"true\" class=\"e-font-icon-svg e-eicon-chevron-left\" viewBox=\"0 0 1000 1000\" xmlns=\"http:\/\/www.w3.org\/2000\/svg\"><path d=\"M646 125C629 125 613 133 604 142L308 442C296 454 292 471 292 487 292 504 296 521 308 533L604 854C617 867 629 875 646 875 663 875 679 871 692 858 704 846 713 829 713 812 713 796 708 779 692 767L438 487 692 225C700 217 708 204 708 187 708 171 704 154 692 142 675 129 663 125 646 125Z\"><\/path><\/svg>\t\t\t\t\t<\/div>\n\t\t\t\t\t<div class=\"elementor-swiper-button elementor-swiper-button-next\" role=\"button\" tabindex=\"0\">\n\t\t\t\t\t\t<svg aria-hidden=\"true\" class=\"e-font-icon-svg e-eicon-chevron-right\" viewBox=\"0 0 1000 1000\" xmlns=\"http:\/\/www.w3.org\/2000\/svg\"><path d=\"M696 533C708 521 713 504 713 487 713 471 708 454 696 446L400 146C388 133 375 125 354 125 338 125 325 129 313 142 300 154 292 171 292 187 292 204 296 221 308 233L563 492 304 771C292 783 288 800 288 817 288 833 296 850 308 863 321 871 338 875 354 875 371 875 388 867 400 854L696 533Z\"><\/path><\/svg>\t\t\t\t\t<\/div>\n\t\t\t\t\n\t\t\t\t\t\t\t\t\t<div class=\"swiper-pagination\"><\/div>\n\t\t\t\t\t\t\t\t\t<\/div>\n\t\t\t\t\t\t<\/div>\n\t\t\t\t\t<\/div>\n\t\t\t\t<\/div>\n\t\t\t\t<\/div>\n\t\t","protected":false},"excerpt":{"rendered":"<p>REFORMAS INTEGRALES ESPECIALISTAS EN REFORMAS INTEGRALES Y GENERALES \u00bfBuscas una empresa de reformas en Barcelona que combine experiencia, calidad y compromiso? En Inscore, somos expertos en reformas integrales y generales, especializados en transformar hogares, oficinas, locales comerciales y espacios residenciales con acabados de alta calidad y atenci\u00f3n personalizada. Reformas Integrales de Viviendas en Barcelona Desde&#8230;<\/p>\n","protected":false},"author":1,"featured_media":0,"parent":0,"menu_order":0,"comment_status":"closed","ping_status":"closed","template":"elementor_header_footer","meta":{"_kadence_starter_templates_imported_post":false,"_kad_post_transparent":"","_kad_post_title":"hide","_kad_post_layout":"fullwidth","_kad_post_sidebar_id":"","_kad_post_content_style":"unboxed","_kad_post_vertical_padding":"hide","_kad_post_feature":"hide","_kad_post_feature_position":"","_kad_post_header":false,"_kad_post_footer":false,"footnotes":""},"class_list":["post-98","page","type-page","status-publish","hentry"],"_links":{"self":[{"href":"https:\/\/inscoreweb.com\/index.php\/wp-json\/wp\/v2\/pages\/98","targetHints":{"allow":["GET"]}}],"collection":[{"href":"https:\/\/inscoreweb.com\/index.php\/wp-json\/wp\/v2\/pages"}],"about":[{"href":"https:\/\/inscoreweb.com\/index.php\/wp-json\/wp\/v2\/types\/page"}],"author":[{"embeddable":true,"href":"https:\/\/inscoreweb.com\/index.php\/wp-json\/wp\/v2\/users\/1"}],"replies":[{"embeddable":true,"href":"https:\/\/inscoreweb.com\/index.php\/wp-json\/wp\/v2\/comments?post=98"}],"version-history":[{"count":55,"href":"https:\/\/inscoreweb.com\/index.php\/wp-json\/wp\/v2\/pages\/98\/revisions"}],"predecessor-version":[{"id":517,"href":"https:\/\/inscoreweb.com\/index.php\/wp-json\/wp\/v2\/pages\/98\/revisions\/517"}],"wp:attachment":[{"href":"https:\/\/inscoreweb.com\/index.php\/wp-json\/wp\/v2\/media?parent=98"}],"curies":[{"name":"wp","href":"https:\/\/api.w.org\/{rel}","templated":true}]}}