{"id":22,"date":"2025-07-25T00:41:54","date_gmt":"2025-07-24T22:41:54","guid":{"rendered":"https:\/\/inscoreweb.com\/?page_id=22"},"modified":"2025-11-05T20:24:57","modified_gmt":"2025-11-05T19:24:57","slug":"inicio","status":"publish","type":"page","link":"https:\/\/inscoreweb.com\/","title":{"rendered":"INICIO"},"content":{"rendered":"\t\t<div data-elementor-type=\"wp-page\" data-elementor-id=\"22\" class=\"elementor elementor-22\">\n\t\t\t\t<div class=\"elementor-element elementor-element-35e0e21 e-flex e-con-boxed e-con e-parent\" data-id=\"35e0e21\" data-element_type=\"container\" data-e-type=\"container\" data-settings=\"{&quot;background_background&quot;:&quot;classic&quot;}\">\n\t\t\t\t\t<div class=\"e-con-inner\">\n\t\t\t\t<div class=\"elementor-element elementor-element-adaa745 animated-slow elementor-invisible elementor-widget elementor-widget-heading\" data-id=\"adaa745\" data-element_type=\"widget\" data-e-type=\"widget\" data-settings=\"{&quot;_animation&quot;:&quot;fadeIn&quot;}\" data-widget_type=\"heading.default\">\n\t\t\t\t\t<h1 class=\"elementor-heading-title elementor-size-default\">Espacios que inspiran bienestar<\/h1>\t\t\t\t<\/div>\n\t\t\t\t<div class=\"elementor-element elementor-element-5c01c7c e-transform elementor-invisible elementor-widget elementor-widget-wpzoom-social-icons-widget-cpt\" data-id=\"5c01c7c\" data-element_type=\"widget\" data-e-type=\"widget\" data-settings=\"{&quot;_animation&quot;:&quot;swing&quot;,&quot;_transform_rotateZ_effect&quot;:{&quot;unit&quot;:&quot;px&quot;,&quot;size&quot;:&quot;&quot;,&quot;sizes&quot;:[]},&quot;_transform_rotateZ_effect_tablet&quot;:{&quot;unit&quot;:&quot;deg&quot;,&quot;size&quot;:&quot;&quot;,&quot;sizes&quot;:[]},&quot;_transform_rotateZ_effect_mobile&quot;:{&quot;unit&quot;:&quot;deg&quot;,&quot;size&quot;:&quot;&quot;,&quot;sizes&quot;:[]}}\" data-widget_type=\"wpzoom-social-icons-widget-cpt.default\">\n\t\t\t\t<div class=\"elementor-widget-container\">\n\t\t\t\t\t<div class=\"wpzoom-social-icons-post-shortcode\"><section class=\"zoom-social-icons-shortcode\">\n\t\t\n<ul class=\"zoom-social-icons-list zoom-social-icons-list--with-canvas zoom-social-icons-list--round zoom-social-icons-list--no-labels\">\n\n\t\t\n\t\t\t\t<li class=\"zoom-social_icons-list__item\">\n\t\t<a class=\"zoom-social_icons-list__link\" href=\"https:\/\/www.instagram.com\/reformas.inscore?igsh=bDk1MGtvNWt4amV6\" target=\"_blank\" title=\"Instagram\" >\n\t\t\t\t\t\t\t\t\t\n\t\t\t\t\t\t<span class=\"screen-reader-text\">instagram<\/span>\n\t\t\t\n\t\t\t\t\t\t<span class=\"zoom-social_icons-list-span social-icon socicon socicon-instagram\" data-hover-rule=\"background-color\" data-hover-color=\"#b2191c\" style=\"background-color : #000000; font-size: 18px; padding:8px\" ><\/span>\n\t\t\t\n\t\t\t\t\t<\/a>\n\t<\/li>\n\n\t\n\t\t\t\t<li class=\"zoom-social_icons-list__item\">\n\t\t<a class=\"zoom-social_icons-list__link\" href=\"https:\/\/www.facebook.com\/share\/1B3oAHXedh\/?mibextid=wwXIfr\" target=\"_blank\" title=\"Facebook\" >\n\t\t\t\t\t\t\t\t\t\n\t\t\t\t\t\t<span class=\"screen-reader-text\">facebook<\/span>\n\t\t\t\n\t\t\t\t\t\t<span class=\"zoom-social_icons-list-span social-icon socicon socicon-facebook\" data-hover-rule=\"background-color\" data-hover-color=\"#b2191c\" style=\"background-color : #000000; font-size: 18px; padding:8px\" ><\/span>\n\t\t\t\n\t\t\t\t\t<\/a>\n\t<\/li>\n\n\t\n<\/ul>\n\n\t\t<\/section><\/div>\t\t\t\t<\/div>\n\t\t\t\t<\/div>\n\t\t\t\t<div class=\"elementor-element elementor-element-9e9b223 elementor-align-center elementor-widget elementor-widget-button\" data-id=\"9e9b223\" data-element_type=\"widget\" data-e-type=\"widget\" data-widget_type=\"button.default\">\n\t\t\t\t\t\t\t\t\t\t<a class=\"elementor-button elementor-button-link elementor-size-sm\" href=\"https:\/\/wa.me\/+34657582817\" id=\"wp\">\n\t\t\t\t\t\t<span class=\"elementor-button-content-wrapper\">\n\t\t\t\t\t\t\t\t\t<span class=\"elementor-button-text\">Solicita tu propuesta gratuita<\/span>\n\t\t\t\t\t<\/span>\n\t\t\t\t\t<\/a>\n\t\t\t\t\t\t\t\t<\/div>\n\t\t\t\t\t<\/div>\n\t\t\t\t<\/div>\n\t\t<div class=\"elementor-element elementor-element-be1e4ae e-flex e-con-boxed e-con e-parent\" data-id=\"be1e4ae\" data-element_type=\"container\" data-e-type=\"container\">\n\t\t\t\t\t<div class=\"e-con-inner\">\n\t\t\t\t<div class=\"elementor-element elementor-element-4223585 elementor-widget elementor-widget-heading\" data-id=\"4223585\" data-element_type=\"widget\" data-e-type=\"widget\" data-widget_type=\"heading.default\">\n\t\t\t\t\t<h2 class=\"elementor-heading-title elementor-size-default\">\"Reformas personalizadas y dise\u00f1o funcional para tu hogar u oficina\"<\/h2>\t\t\t\t<\/div>\n\t\t\t\t\t<\/div>\n\t\t\t\t<\/div>\n\t\t<div class=\"elementor-element elementor-element-3c1fa53 e-flex e-con-boxed e-con e-parent\" data-id=\"3c1fa53\" data-element_type=\"container\" data-e-type=\"container\">\n\t\t\t\t\t<div class=\"e-con-inner\">\n\t\t\t\t<div class=\"elementor-element elementor-element-60e6b9f elementor-arrows-position-inside elementor-pagination-position-outside elementor-widget elementor-widget-image-carousel\" data-id=\"60e6b9f\" data-element_type=\"widget\" data-e-type=\"widget\" data-settings=\"{&quot;navigation&quot;:&quot;both&quot;,&quot;autoplay&quot;:&quot;yes&quot;,&quot;pause_on_hover&quot;:&quot;yes&quot;,&quot;pause_on_interaction&quot;:&quot;yes&quot;,&quot;autoplay_speed&quot;:5000,&quot;infinite&quot;:&quot;yes&quot;,&quot;speed&quot;:500}\" data-widget_type=\"image-carousel.default\">\n\t\t\t\t\t\t\t<div class=\"elementor-image-carousel-wrapper swiper\" role=\"region\" aria-roledescription=\"carousel\" aria-label=\"Carrusel de im\u00e1genes\" dir=\"ltr\">\n\t\t\t<div class=\"elementor-image-carousel swiper-wrapper\" aria-live=\"off\">\n\t\t\t\t\t\t\t\t<div class=\"swiper-slide\" role=\"group\" aria-roledescription=\"slide\" aria-label=\"1 de 14\"><figure class=\"swiper-slide-inner\"><img decoding=\"async\" class=\"swiper-slide-image\" src=\"https:\/\/inscoreweb.com\/wp-content\/uploads\/2025\/10\/Inscore3-02-819x1024.jpg\" alt=\"Inscore3-02\" \/><\/figure><\/div><div class=\"swiper-slide\" role=\"group\" aria-roledescription=\"slide\" aria-label=\"2 de 14\"><figure class=\"swiper-slide-inner\"><img decoding=\"async\" class=\"swiper-slide-image\" src=\"https:\/\/inscoreweb.com\/wp-content\/uploads\/2025\/10\/Inscore3-01-819x1024.jpg\" alt=\"Inscore3-01\" \/><\/figure><\/div><div class=\"swiper-slide\" role=\"group\" aria-roledescription=\"slide\" aria-label=\"3 de 14\"><figure class=\"swiper-slide-inner\"><img decoding=\"async\" class=\"swiper-slide-image\" src=\"https:\/\/inscoreweb.com\/wp-content\/uploads\/2025\/10\/Inscore3-05-819x1024.jpg\" alt=\"Inscore3-05\" \/><\/figure><\/div><div class=\"swiper-slide\" role=\"group\" aria-roledescription=\"slide\" aria-label=\"4 de 14\"><figure class=\"swiper-slide-inner\"><img decoding=\"async\" class=\"swiper-slide-image\" src=\"https:\/\/inscoreweb.com\/wp-content\/uploads\/2025\/10\/Inscore3-04-819x1024.jpg\" alt=\"Inscore3-04\" \/><\/figure><\/div><div class=\"swiper-slide\" role=\"group\" aria-roledescription=\"slide\" aria-label=\"5 de 14\"><figure class=\"swiper-slide-inner\"><img decoding=\"async\" class=\"swiper-slide-image\" src=\"https:\/\/inscoreweb.com\/wp-content\/uploads\/2025\/10\/Inscore1-12-819x1024.jpg\" alt=\"Inscore1-12\" \/><\/figure><\/div><div class=\"swiper-slide\" role=\"group\" aria-roledescription=\"slide\" aria-label=\"6 de 14\"><figure class=\"swiper-slide-inner\"><img decoding=\"async\" class=\"swiper-slide-image\" src=\"https:\/\/inscoreweb.com\/wp-content\/uploads\/2025\/10\/Inscore1-11-819x1024.jpg\" alt=\"Inscore1-11\" \/><\/figure><\/div><div class=\"swiper-slide\" role=\"group\" aria-roledescription=\"slide\" aria-label=\"7 de 14\"><figure class=\"swiper-slide-inner\"><img decoding=\"async\" class=\"swiper-slide-image\" src=\"https:\/\/inscoreweb.com\/wp-content\/uploads\/2025\/10\/Inscore1-03-819x1024.jpg\" alt=\"Inscore1-03\" \/><\/figure><\/div><div class=\"swiper-slide\" role=\"group\" aria-roledescription=\"slide\" aria-label=\"8 de 14\"><figure class=\"swiper-slide-inner\"><img decoding=\"async\" class=\"swiper-slide-image\" src=\"https:\/\/inscoreweb.com\/wp-content\/uploads\/2025\/10\/Inscore1-02-819x1024.jpg\" alt=\"Inscore1-02\" \/><\/figure><\/div><div class=\"swiper-slide\" role=\"group\" aria-roledescription=\"slide\" aria-label=\"9 de 14\"><figure class=\"swiper-slide-inner\"><img decoding=\"async\" class=\"swiper-slide-image\" src=\"https:\/\/inscoreweb.com\/wp-content\/uploads\/2025\/10\/Inscore3-819x1024.jpg\" alt=\"Inscore3\" \/><\/figure><\/div><div class=\"swiper-slide\" role=\"group\" aria-roledescription=\"slide\" aria-label=\"10 de 14\"><figure class=\"swiper-slide-inner\"><img decoding=\"async\" class=\"swiper-slide-image\" src=\"https:\/\/inscoreweb.com\/wp-content\/uploads\/2025\/10\/Inscore2-819x1024.jpg\" alt=\"Inscore2\" \/><\/figure><\/div><div class=\"swiper-slide\" role=\"group\" aria-roledescription=\"slide\" aria-label=\"11 de 14\"><figure class=\"swiper-slide-inner\"><img decoding=\"async\" class=\"swiper-slide-image\" src=\"https:\/\/inscoreweb.com\/wp-content\/uploads\/2025\/10\/Inscore2.3-819x1024.jpg\" alt=\"Inscore2.3\" \/><\/figure><\/div><div class=\"swiper-slide\" role=\"group\" aria-roledescription=\"slide\" aria-label=\"12 de 14\"><figure class=\"swiper-slide-inner\"><img decoding=\"async\" class=\"swiper-slide-image\" src=\"https:\/\/inscoreweb.com\/wp-content\/uploads\/2025\/10\/Inscore2.1-819x1024.jpg\" alt=\"Inscore2.1\" \/><\/figure><\/div><div class=\"swiper-slide\" role=\"group\" aria-roledescription=\"slide\" aria-label=\"13 de 14\"><figure class=\"swiper-slide-inner\"><img decoding=\"async\" class=\"swiper-slide-image\" src=\"https:\/\/inscoreweb.com\/wp-content\/uploads\/2025\/10\/Inscore2.0-819x1024.jpg\" alt=\"Inscore2.0\" \/><\/figure><\/div><div class=\"swiper-slide\" role=\"group\" aria-roledescription=\"slide\" aria-label=\"14 de 14\"><figure class=\"swiper-slide-inner\"><img decoding=\"async\" class=\"swiper-slide-image\" src=\"https:\/\/inscoreweb.com\/wp-content\/uploads\/2025\/10\/Inscore1-819x1024.jpg\" alt=\"Inscore1\" \/><\/figure><\/div>\t\t\t<\/div>\n\t\t\t\t\t\t\t\t\t\t\t\t<div class=\"elementor-swiper-button elementor-swiper-button-prev\" role=\"button\" tabindex=\"0\">\n\t\t\t\t\t\t<svg aria-hidden=\"true\" class=\"e-font-icon-svg e-eicon-chevron-left\" viewBox=\"0 0 1000 1000\" xmlns=\"http:\/\/www.w3.org\/2000\/svg\"><path d=\"M646 125C629 125 613 133 604 142L308 442C296 454 292 471 292 487 292 504 296 521 308 533L604 854C617 867 629 875 646 875 663 875 679 871 692 858 704 846 713 829 713 812 713 796 708 779 692 767L438 487 692 225C700 217 708 204 708 187 708 171 704 154 692 142 675 129 663 125 646 125Z\"><\/path><\/svg>\t\t\t\t\t<\/div>\n\t\t\t\t\t<div class=\"elementor-swiper-button elementor-swiper-button-next\" role=\"button\" tabindex=\"0\">\n\t\t\t\t\t\t<svg aria-hidden=\"true\" class=\"e-font-icon-svg e-eicon-chevron-right\" viewBox=\"0 0 1000 1000\" xmlns=\"http:\/\/www.w3.org\/2000\/svg\"><path d=\"M696 533C708 521 713 504 713 487 713 471 708 454 696 446L400 146C388 133 375 125 354 125 338 125 325 129 313 142 300 154 292 171 292 187 292 204 296 221 308 233L563 492 304 771C292 783 288 800 288 817 288 833 296 850 308 863 321 871 338 875 354 875 371 875 388 867 400 854L696 533Z\"><\/path><\/svg>\t\t\t\t\t<\/div>\n\t\t\t\t\n\t\t\t\t\t\t\t\t\t<div class=\"swiper-pagination\"><\/div>\n\t\t\t\t\t\t\t\t\t<\/div>\n\t\t\t\t\t\t<\/div>\n\t\t\t\t<div class=\"elementor-element elementor-element-b868377 elementor-widget elementor-widget-text-editor\" data-id=\"b868377\" data-element_type=\"widget\" data-e-type=\"widget\" data-settings=\"{&quot;_animation_mobile&quot;:&quot;bounce&quot;}\" data-widget_type=\"text-editor.default\">\n\t\t\t\t\t\t\t\t\t<p>En INSCORE transformamos tus ideas en espacios \u00fanicos. Dise\u00f1amos, renovamos y adaptamos interiores con soluciones a medida, combinando est\u00e9tica, funcionalidad y confort.<\/p>\t\t\t\t\t\t\t\t<\/div>\n\t\t\t\t\t<\/div>\n\t\t\t\t<\/div>\n\t\t<div class=\"elementor-element elementor-element-e73fa69 e-flex e-con-boxed e-con e-parent\" data-id=\"e73fa69\" data-element_type=\"container\" data-e-type=\"container\">\n\t\t\t\t\t<div class=\"e-con-inner\">\n\t\t<div class=\"elementor-element elementor-element-afaedd4 e-con-full e-flex e-con e-child\" data-id=\"afaedd4\" data-element_type=\"container\" data-e-type=\"container\">\n\t\t\t\t<div class=\"elementor-element elementor-element-781d2c6 elementor-widget elementor-widget-image\" data-id=\"781d2c6\" data-element_type=\"widget\" data-e-type=\"widget\" data-settings=\"{&quot;_animation_mobile&quot;:&quot;pulse&quot;}\" data-widget_type=\"image.default\">\n\t\t\t\t\t\t\t\t\t\t\t\t<figure class=\"wp-caption\">\n\t\t\t\t\t\t\t\t\t\t\t<a href=\"https:\/\/inscoreweb.com\/index.php\/electricidad\/\">\n\t\t\t\t\t\t\t<img fetchpriority=\"high\" decoding=\"async\" width=\"768\" height=\"1024\" src=\"https:\/\/inscoreweb.com\/wp-content\/uploads\/2025\/08\/COCINA-ALBERTO-GUIP-1-768x1024.jpg\" class=\"elementor-animation-wobble-vertical attachment-large size-large wp-image-244\" alt=\"\" srcset=\"https:\/\/inscoreweb.com\/wp-content\/uploads\/2025\/08\/COCINA-ALBERTO-GUIP-1-768x1024.jpg 768w, https:\/\/inscoreweb.com\/wp-content\/uploads\/2025\/08\/COCINA-ALBERTO-GUIP-1-225x300.jpg 225w, https:\/\/inscoreweb.com\/wp-content\/uploads\/2025\/08\/COCINA-ALBERTO-GUIP-1-1152x1536.jpg 1152w, https:\/\/inscoreweb.com\/wp-content\/uploads\/2025\/08\/COCINA-ALBERTO-GUIP-1-1536x2048.jpg 1536w, https:\/\/inscoreweb.com\/wp-content\/uploads\/2025\/08\/COCINA-ALBERTO-GUIP-1-scaled.jpg 1920w\" sizes=\"(max-width: 768px) 100vw, 768px\" \/>\t\t\t\t\t\t\t\t<\/a>\n\t\t\t\t\t\t\t\t\t\t\t<figcaption class=\"widget-image-caption wp-caption-text\">ESPECIALISTAS EN REFORMAS INTEGRALES Y GENERALES<\/figcaption>\n\t\t\t\t\t\t\t\t\t\t<\/figure>\n\t\t\t\t\t\t\t\t\t<\/div>\n\t\t\t\t<\/div>\n\t\t<div class=\"elementor-element elementor-element-f990eca e-con-full e-flex e-con e-child\" data-id=\"f990eca\" data-element_type=\"container\" data-e-type=\"container\">\n\t\t\t\t<div class=\"elementor-element elementor-element-25cf8e7 elementor-widget elementor-widget-image\" data-id=\"25cf8e7\" data-element_type=\"widget\" data-e-type=\"widget\" data-settings=\"{&quot;_animation_mobile&quot;:&quot;pulse&quot;}\" data-widget_type=\"image.default\">\n\t\t\t\t\t\t\t\t\t\t\t\t<figure class=\"wp-caption\">\n\t\t\t\t\t\t\t\t\t\t\t<a href=\"https:\/\/inscoreweb.com\/wp-content\/uploads\/2025\/08\/CATALOGO-STOCK-2025-1-ENDEKOR-b.pdf\">\n\t\t\t\t\t\t\t<img decoding=\"async\" width=\"768\" height=\"1024\" src=\"https:\/\/inscoreweb.com\/wp-content\/uploads\/2025\/08\/Copy-of-IMG_8856-1-768x1024.jpg\" class=\"elementor-animation-wobble-vertical attachment-large size-large wp-image-272\" alt=\"\" srcset=\"https:\/\/inscoreweb.com\/wp-content\/uploads\/2025\/08\/Copy-of-IMG_8856-1-768x1024.jpg 768w, https:\/\/inscoreweb.com\/wp-content\/uploads\/2025\/08\/Copy-of-IMG_8856-1-225x300.jpg 225w, https:\/\/inscoreweb.com\/wp-content\/uploads\/2025\/08\/Copy-of-IMG_8856-1-1152x1536.jpg 1152w, https:\/\/inscoreweb.com\/wp-content\/uploads\/2025\/08\/Copy-of-IMG_8856-1-1536x2048.jpg 1536w, https:\/\/inscoreweb.com\/wp-content\/uploads\/2025\/08\/Copy-of-IMG_8856-1-scaled.jpg 1920w\" sizes=\"(max-width: 768px) 100vw, 768px\" \/>\t\t\t\t\t\t\t\t<\/a>\n\t\t\t\t\t\t\t\t\t\t\t<figcaption class=\"widget-image-caption wp-caption-text\">Racholas<\/figcaption>\n\t\t\t\t\t\t\t\t\t\t<\/figure>\n\t\t\t\t\t\t\t\t\t<\/div>\n\t\t\t\t<\/div>\n\t\t<div class=\"elementor-element elementor-element-4a9c827 e-con-full e-flex e-con e-child\" data-id=\"4a9c827\" data-element_type=\"container\" data-e-type=\"container\">\n\t\t\t\t<div class=\"elementor-element elementor-element-1cb7a5f elementor-widget elementor-widget-image\" data-id=\"1cb7a5f\" data-element_type=\"widget\" data-e-type=\"widget\" data-settings=\"{&quot;_animation_mobile&quot;:&quot;pulse&quot;}\" data-widget_type=\"image.default\">\n\t\t\t\t\t\t\t\t\t\t\t\t<figure class=\"wp-caption\">\n\t\t\t\t\t\t\t\t\t\t\t<a href=\"https:\/\/inscoreweb.com\/index.php\/servicios\/\">\n\t\t\t\t\t\t\t<img decoding=\"async\" width=\"1658\" height=\"2560\" src=\"https:\/\/inscoreweb.com\/wp-content\/uploads\/2025\/08\/worker-installs-tv-wall-socket-scaled.jpg\" class=\"elementor-animation-wobble-vertical attachment-full size-full wp-image-297\" alt=\"\" srcset=\"https:\/\/inscoreweb.com\/wp-content\/uploads\/2025\/08\/worker-installs-tv-wall-socket-scaled.jpg 1658w, https:\/\/inscoreweb.com\/wp-content\/uploads\/2025\/08\/worker-installs-tv-wall-socket-194x300.jpg 194w, https:\/\/inscoreweb.com\/wp-content\/uploads\/2025\/08\/worker-installs-tv-wall-socket-663x1024.jpg 663w, https:\/\/inscoreweb.com\/wp-content\/uploads\/2025\/08\/worker-installs-tv-wall-socket-768x1186.jpg 768w, https:\/\/inscoreweb.com\/wp-content\/uploads\/2025\/08\/worker-installs-tv-wall-socket-995x1536.jpg 995w, https:\/\/inscoreweb.com\/wp-content\/uploads\/2025\/08\/worker-installs-tv-wall-socket-1327x2048.jpg 1327w\" sizes=\"(max-width: 1658px) 100vw, 1658px\" \/>\t\t\t\t\t\t\t\t<\/a>\n\t\t\t\t\t\t\t\t\t\t\t<figcaption class=\"widget-image-caption wp-caption-text\">SERVICIOS<\/figcaption>\n\t\t\t\t\t\t\t\t\t\t<\/figure>\n\t\t\t\t\t\t\t\t\t<\/div>\n\t\t\t\t<\/div>\n\t\t\t\t\t<\/div>\n\t\t\t\t<\/div>\n\t\t<div class=\"elementor-element elementor-element-ceee006 e-flex e-con-boxed e-con e-parent\" data-id=\"ceee006\" data-element_type=\"container\" data-e-type=\"container\">\n\t\t\t\t\t<div class=\"e-con-inner\">\n\t\t\t\t<div class=\"elementor-element elementor-element-3e9399c elementor-mobile-align-center elementor-align-center elementor-tablet-align-center elementor-widget elementor-widget-button\" data-id=\"3e9399c\" data-element_type=\"widget\" data-e-type=\"widget\" data-settings=\"{&quot;_animation_mobile&quot;:&quot;bounceInUp&quot;}\" data-widget_type=\"button.default\">\n\t\t\t\t\t\t\t\t\t\t<a class=\"elementor-button elementor-button-link elementor-size-sm elementor-animation-push\" href=\"https:\/\/inscoreweb.com\/index.php\/sobre-nosotros\/\" id=\"Nosotros\">\n\t\t\t\t\t\t<span class=\"elementor-button-content-wrapper\">\n\t\t\t\t\t\t\t\t\t<span class=\"elementor-button-text\">SOBRE NOSOTROS<\/span>\n\t\t\t\t\t<\/span>\n\t\t\t\t\t<\/a>\n\t\t\t\t\t\t\t\t<\/div>\n\t\t\t\t\t<\/div>\n\t\t\t\t<\/div>\n\t\t<div class=\"elementor-element elementor-element-f80f8b7 e-flex e-con-boxed e-con e-parent\" data-id=\"f80f8b7\" data-element_type=\"container\" data-e-type=\"container\">\n\t\t\t\t\t<div class=\"e-con-inner\">\n\t\t\t\t<div class=\"elementor-element elementor-element-70a8e80 elementor-widget elementor-widget-google_maps\" data-id=\"70a8e80\" data-element_type=\"widget\" data-e-type=\"widget\" data-widget_type=\"google_maps.default\">\n\t\t\t\t\t\t\t<div class=\"elementor-custom-embed\">\n\t\t\t<iframe loading=\"lazy\"\n\t\t\t\t\tsrc=\"https:\/\/maps.google.com\/maps?q=REFORMAS%20INSCORE&#038;t=m&#038;z=15&#038;output=embed&#038;iwloc=near\"\n\t\t\t\t\ttitle=\"REFORMAS INSCORE\"\n\t\t\t\t\taria-label=\"REFORMAS INSCORE\"\n\t\t\t><\/iframe>\n\t\t<\/div>\n\t\t\t\t\t\t<\/div>\n\t\t\t\t\t<\/div>\n\t\t\t\t<\/div>\n\t\t<div class=\"elementor-element elementor-element-d2b842b e-flex e-con-boxed e-con e-parent\" data-id=\"d2b842b\" data-element_type=\"container\" data-e-type=\"container\">\n\t\t\t\t\t<div class=\"e-con-inner\">\n\t\t\t\t<div class=\"elementor-element elementor-element-007e51d elementor-widget elementor-widget-image\" data-id=\"007e51d\" data-element_type=\"widget\" data-e-type=\"widget\" data-settings=\"{&quot;_animation_mobile&quot;:&quot;fadeIn&quot;}\" data-widget_type=\"image.default\">\n\t\t\t\t\t\t\t\t\t\t\t\t\t\t\t<img loading=\"lazy\" decoding=\"async\" width=\"150\" height=\"150\" src=\"https:\/\/inscoreweb.com\/wp-content\/uploads\/2025\/07\/Logo-Inscore-redondo_Mesa-de-trabajo-1-150x150.webp\" class=\"attachment-thumbnail size-thumbnail wp-image-16\" alt=\"\" srcset=\"https:\/\/inscoreweb.com\/wp-content\/uploads\/2025\/07\/Logo-Inscore-redondo_Mesa-de-trabajo-1-150x150.webp 150w, https:\/\/inscoreweb.com\/wp-content\/uploads\/2025\/07\/Logo-Inscore-redondo_Mesa-de-trabajo-1-300x300.webp 300w, https:\/\/inscoreweb.com\/wp-content\/uploads\/2025\/07\/Logo-Inscore-redondo_Mesa-de-trabajo-1.webp 512w\" sizes=\"(max-width: 150px) 100vw, 150px\" \/>\t\t\t\t\t\t\t\t\t\t\t\t\t\t\t<\/div>\n\t\t\t\t\t<\/div>\n\t\t\t\t<\/div>\n\t\t\t\t<\/div>\n\t\t","protected":false},"excerpt":{"rendered":"<p>Espacios que inspiran bienestar instagram facebook Solicita tu propuesta gratuita \u00abReformas personalizadas y dise\u00f1o funcional para tu hogar u oficina\u00bb En INSCORE transformamos tus ideas en espacios \u00fanicos. Dise\u00f1amos, renovamos y adaptamos interiores con soluciones a medida, combinando est\u00e9tica, funcionalidad y confort. ESPECIALISTAS EN REFORMAS INTEGRALES Y GENERALES Racholas SERVICIOS SOBRE NOSOTROS<\/p>\n","protected":false},"author":1,"featured_media":0,"parent":0,"menu_order":0,"comment_status":"closed","ping_status":"closed","template":"elementor_header_footer","meta":{"_kadence_starter_templates_imported_post":false,"_kad_post_transparent":"","_kad_post_title":"hide","_kad_post_layout":"fullwidth","_kad_post_sidebar_id":"","_kad_post_content_style":"unboxed","_kad_post_vertical_padding":"hide","_kad_post_feature":"hide","_kad_post_feature_position":"","_kad_post_header":false,"_kad_post_footer":false,"footnotes":""},"class_list":["post-22","page","type-page","status-publish","hentry"],"_links":{"self":[{"href":"https:\/\/inscoreweb.com\/index.php\/wp-json\/wp\/v2\/pages\/22","targetHints":{"allow":["GET"]}}],"collection":[{"href":"https:\/\/inscoreweb.com\/index.php\/wp-json\/wp\/v2\/pages"}],"about":[{"href":"https:\/\/inscoreweb.com\/index.php\/wp-json\/wp\/v2\/types\/page"}],"author":[{"embeddable":true,"href":"https:\/\/inscoreweb.com\/index.php\/wp-json\/wp\/v2\/users\/1"}],"replies":[{"embeddable":true,"href":"https:\/\/inscoreweb.com\/index.php\/wp-json\/wp\/v2\/comments?post=22"}],"version-history":[{"count":178,"href":"https:\/\/inscoreweb.com\/index.php\/wp-json\/wp\/v2\/pages\/22\/revisions"}],"predecessor-version":[{"id":530,"href":"https:\/\/inscoreweb.com\/index.php\/wp-json\/wp\/v2\/pages\/22\/revisions\/530"}],"wp:attachment":[{"href":"https:\/\/inscoreweb.com\/index.php\/wp-json\/wp\/v2\/media?parent=22"}],"curies":[{"name":"wp","href":"https:\/\/api.w.org\/{rel}","templated":true}]}}